{"id":1116,"date":"2019-01-07T11:42:38","date_gmt":"2019-01-07T11:42:38","guid":{"rendered":"http:\/\/localhost\/Exhibz\/?page_id=1116"},"modified":"2023-10-11T01:21:07","modified_gmt":"2023-10-11T01:21:07","slug":"bilet-al","status":"publish","type":"page","link":"https:\/\/koclukgelisimzirvesi.com\/100yilzirvesi\/bilet-al\/","title":{"rendered":"Bilet Al"},"content":{"rendered":"\t\t<div data-elementor-type=\"wp-post\" data-elementor-id=\"1116\" class=\"elementor elementor-1116\">\n\t\t\t\t\t\t<section class=\"elementor-section elementor-top-section elementor-element elementor-element-fbbba55 elementor-section-boxed elementor-section-height-default elementor-section-height-default\" data-id=\"fbbba55\" data-element_type=\"section\">\n\t\t\t\t\t\t<div class=\"elementor-container elementor-column-gap-default\">\n\t\t\t\t\t<div class=\"elementor-column elementor-col-100 elementor-top-column elementor-element elementor-element-2c9c7fc\" data-id=\"2c9c7fc\" data-element_type=\"column\">\n\t\t\t<div class=\"elementor-widget-wrap elementor-element-populated\">\n\t\t\t\t\t\t<div class=\"elementor-element elementor-element-40ddd7c elementor-widget elementor-widget-heading\" data-id=\"40ddd7c\" data-element_type=\"widget\" data-settings=\"{&quot;ekit_we_effect_on&quot;:&quot;none&quot;}\" data-widget_type=\"heading.default\">\n\t\t\t\t<div class=\"elementor-widget-container\">\n\t\t\t<h2 class=\"elementor-heading-title elementor-size-default\">Bilet al\u0131m\u0131 i\u00e7in sisteme kay\u0131t olman\u0131z gerekmektedir.<\/h2>\t\t<\/div>\n\t\t\t\t<\/div>\n\t\t\t\t<div class=\"elementor-element elementor-element-f795aed elementor-widget elementor-widget-shortcode\" data-id=\"f795aed\" data-element_type=\"widget\" data-settings=\"{&quot;ekit_we_effect_on&quot;:&quot;none&quot;}\" data-widget_type=\"shortcode.default\">\n\t\t\t\t<div class=\"elementor-widget-container\">\n\t\t\t\t\t<div class=\"elementor-shortcode\">            <div class=\"etn-single-event-ticket-wrap\">\n                \n                \n\n<div class=\"etn-widget etn-variable-ticket-widget\">\n\t        <h4 class=\"registration-expired-message\">Registration Deadline Expired!!<\/h4>\n\t\t\n\t\n<\/div>\n\n\n            <\/div>\n        <\/div>\n\t\t\t\t<\/div>\n\t\t\t\t<\/div>\n\t\t\t\t\t<\/div>\n\t\t<\/div>\n\t\t\t\t\t<\/div>\n\t\t<\/section>\n\t\t\t\t<\/div>\n\t\t","protected":false},"excerpt":{"rendered":"<p>Bilet al\u0131m\u0131 i\u00e7in sisteme kay\u0131t olman\u0131z gerekmektedir.<\/p>\n","protected":false},"author":1,"featured_media":0,"parent":0,"menu_order":0,"comment_status":"closed","ping_status":"closed","template":"template\/full-width-template.php","meta":{"_joinchat":[],"footnotes":""},"aioseo_notices":[],"_links":{"self":[{"href":"https:\/\/koclukgelisimzirvesi.com\/100yilzirvesi\/wp-json\/wp\/v2\/pages\/1116"}],"collection":[{"href":"https:\/\/koclukgelisimzirvesi.com\/100yilzirvesi\/wp-json\/wp\/v2\/pages"}],"about":[{"href":"https:\/\/koclukgelisimzirvesi.com\/100yilzirvesi\/wp-json\/wp\/v2\/types\/page"}],"author":[{"embeddable":true,"href":"https:\/\/koclukgelisimzirvesi.com\/100yilzirvesi\/wp-json\/wp\/v2\/users\/1"}],"replies":[{"embeddable":true,"href":"https:\/\/koclukgelisimzirvesi.com\/100yilzirvesi\/wp-json\/wp\/v2\/comments?post=1116"}],"version-history":[{"count":0,"href":"https:\/\/koclukgelisimzirvesi.com\/100yilzirvesi\/wp-json\/wp\/v2\/pages\/1116\/revisions"}],"wp:attachment":[{"href":"https:\/\/koclukgelisimzirvesi.com\/100yilzirvesi\/wp-json\/wp\/v2\/media?parent=1116"}],"curies":[{"name":"wp","href":"https:\/\/api.w.org\/{rel}","templated":true}]}}